{"id":19140,"date":"2021-03-21T14:41:32","date_gmt":"2021-03-21T13:41:32","guid":{"rendered":"http:\/\/bacanaskincare.com\/?page_id=19140"},"modified":"2021-04-02T18:23:44","modified_gmt":"2021-04-02T16:23:44","slug":"ueber-uns","status":"publish","type":"page","link":"https:\/\/bacanaskincare.com\/de\/ueber-uns\/","title":{"rendered":"\u00dcber uns"},"content":{"rendered":"<div class=\"wpb-content-wrapper\"><p>[vc_row css=&#8220;.vc_custom_1599377500635{margin-top: 50px !important;}&#8220;][vc_column][vc_custom_heading text=&#8220;Brasilianisches Herz \u2013 made in Berlin&#8220; font_container=&#8220;tag:h2|font_size:48|text_align:center|color:%23000000&#8243; google_fonts=&#8220;font_family:Architects%20Daughter%3Aregular|font_style:400%20regular%3A400%3Anormal&#8220;][\/vc_column][\/vc_row][vc_row content_placement=&#8220;middle&#8220;][vc_column width=&#8220;1\/2&#8243;][vc_column_text css=&#8220;.vc_custom_1616333557305{padding-top: 0px !important;}&#8220;]Bacana Skincare ist eine nat\u00fcrliche, vegane und cruelty-free Kosmetikmarke aus Berlin. Bacana entspringt dem Wunsch, die Sch\u00f6nheitsgeheimnisse Brasiliens zu teilen, einem Land mit einer Vielzahl nat\u00fcrlicher und effektiver Wirkstoffe. Unsere einzigartigen Formeln kombinieren das alte Wissen der Amazonas-Regenwaldst\u00e4mme mit den wissenschaftlichen Durchbr\u00fcchen in der <em>natural beauty technology.<\/em><\/p>\n<h3>Bacana bedeutet &#8222;toll&#8220;, &#8222;gut&#8220;, &#8222;gro\u00dfartig&#8220;<\/h3>\n<p>Im brasilianischen Portugiesisch bedeutet das Wort Bacana &#8222;toll&#8220;, &#8222;gut&#8220;, &#8222;gro\u00dfartig&#8220;. Wir glauben, dass wir alle so \u00fcber uns selbst denken sollten. Unsere Mission ist\u00a0 es, hochwirksame, nat\u00fcrliche, Toxin-freie, vegane, frisch gemachte <a href=\"http:\/\/bacanaskincare.com\/shop-2\/?lang=de\">Produkte <\/a>auf pflanzlicher Basis herzustellen. F\u00fcr deine t\u00e4gliche Hautpflege w\u00e4hlen wir sorgf\u00e4ltig die besten Wirkstoffe aus dem Regenwald aus \u2013 pur, nachhaltig und unglaublich gut f\u00fcr unsere Haut.<\/p>\n<h3>100% Naturkosmetik Made in Berlin<\/h3>\n<p>Wir sind eine Kosmetikmarke, die deutsche Effizienz mit brasilianischer Vielfalt verbindet, um einzigartige Sch\u00f6nheitsprodukte zu kreieren.<\/p>\n<p>Bacana ist eine Einladung, eine nat\u00fcrliche Art von Selbstf\u00fcrsorge zu entdecken.[\/vc_column_text][\/vc_column][vc_column width=&#8220;1\/2&#8243;][vc_single_image image=&#8220;18995&#8243; img_size=&#8220;416&#215;520&#8243; alignment=&#8220;center&#8220;][\/vc_column][\/vc_row][vc_row css=&#8220;.vc_custom_1599374497940{margin-top: 100px !important;}&#8220;][vc_column width=&#8220;1\/2&#8243;][vc_single_image image=&#8220;19258&#8243; img_size=&#8220;large&#8220;][\/vc_column][vc_column width=&#8220;1\/2&#8243;][vc_column_text css=&#8220;.vc_custom_1616333592457{margin-top: 40px !important;}&#8220;]<\/p>\n<blockquote><p><span style=\"color: #8e8e8e; font-size: 16pt;\">Von der Kreation bis zur Produktion machen wir alles selbst. Durch volles Engagement in jedem Schritt des Herstellungsprozesses garantieren wir die beste Qualit\u00e4t.<\/span><\/p><\/blockquote>\n<p>[\/vc_column_text][vc_column_text css=&#8220;.vc_custom_1616333615474{margin-top: 75px !important;}&#8220;]<\/p>\n<h3>Auf wissenschaftlicher Basis kreieren wir effektive Produkte<\/h3>\n<p>Alle unsere Produkte werden von uns selbst entwickelt und in Berlin handgemacht. Anschlie\u00dfend senden wir sie zur mikrobiologischen und dermatologischen Pr\u00fcfung in spezialisierte Labore. Unser strikter ethischer Code bedeutet, dass wir unsere nat\u00fcrlichen und ungiftigen Inhaltsstoffe von Lieferanten beziehen, die dieselben Grunds\u00e4tze haben wie wir.[\/vc_column_text][\/vc_column][\/vc_row][vc_row css=&#8220;.vc_custom_1599374483306{margin-top: 100px !important;}&#8220;][vc_column width=&#8220;1\/2&#8243;][vc_column_text]<\/p>\n<blockquote><p><span style=\"color: #8e8e8e;\"><span style=\"font-size: 16pt;\">Wir wissen, dass es M\u00f6glichkeiten gibt, den Regenwald zur\u00fcckzubringen und gleichzeitig die Lebensgrundlage der Menschen vor Ort zu verbessern.<br \/>\nDiese \u201egr\u00fcnen\u201c Herangehensweise ist mehr als nachhaltig, sie ist regenerativ.<\/span><\/span><\/p><\/blockquote>\n<p>[\/vc_column_text][vc_column_text css=&#8220;.vc_custom_1616333981541{margin-top: 50px !important;}&#8220;]<\/p>\n<h3>Wir respektieren die Natur.<\/h3>\n<p>Um den Klimawandel zu bek\u00e4mpfen, haben wir uns entschlossen, diejenigen zu unterst\u00fctzen, die sich f\u00fcr den Amazonas-Regenwald einsetzen. Seit \u00fcber einem Jahrzehnt k\u00e4mpft <a href=\"https:\/\/caminoverde.org\/\">Camino Verde<\/a> bereits daf\u00fcr, den Regenwald zu regenerieren und gleichzeitig die Lebensgrundlage der Menschen in Amazonien zu verbessern.<br \/>\nWas sie schon geschafft haben: 25.000 gepflanzte B\u00e4ume aus 400 Baumarten; \u00fcber 20 Hektar aufgeforsteter Wald; \u00fcber 100 Hektar gesch\u00fctzter Prim\u00e4rregenwald, und jedes Jahr produzieren ihre Baumschulen 20.000 Baumsetzlinge aus \u00fcber hundert Arten.<\/p>\n<p>Deshalb spenden wir 2% unserer Einnahmen an diese NGO, um den Regenwald wiederherzustellen. Ihre \u201egr\u00fcne\u201c Herangehensweise ist nicht nur nachhaltig, sondern regenerativ.[\/vc_column_text][\/vc_column][vc_column width=&#8220;1\/2&#8243;][vc_single_image image=&#8220;18970&#8243; img_size=&#8220;large&#8220; css=&#8220;.vc_custom_1599374377968{margin-top: 0px !important;}&#8220;][\/vc_column][\/vc_row][vc_row content_placement=&#8220;top&#8220; css=&#8220;.vc_custom_1601049202131{padding-top: 100px !important;}&#8220;][vc_column width=&#8220;1\/2&#8243;][vc_single_image image=&#8220;18914&#8243; img_size=&#8220;full&#8220; css=&#8220;.vc_custom_1601049415467{margin-top: 25px !important;}&#8220;][\/vc_column][vc_column width=&#8220;1\/2&#8243;][vc_column_text]<\/p>\n<blockquote><p><span style=\"color: #808080; font-size: 16pt;\">&#8222;Ich m\u00f6chte Menschen dazu inspirieren, eine nat\u00fcrliche Art der Selbstf\u00fcrsorge zu entdecken und lieben zu lernen.&#8220;<\/span><\/p><\/blockquote>\n<p>Durch Kosmetik entdeckte ich einen ganz besonderen Weg, Liebe und Bewunderung f\u00fcr die biologische Vielfalt meines Heimatlandes Brasilien zu teilen.<br \/>\nEines Tages beschloss ich, mein geliebtes Land zu verlassen, in dem ich als Apothekerin gearbeitet habe. 2013 ging ich nach Frankreich, um zu lernen, wie man Kosmetik entwickelt. Seitdem habe ich einen Master in Kosmetischer Chemie absolviert, in verschiedenen Unternehmen gearbeitet, und lebe jetzt in Berlin.<br \/>\nDurch Bacana m\u00f6chte ich die Geheimnisse Brasiliens und des Amazonas-Regenwaldes mit dir teilen. Bei der Kreation meiner Produkte habe ich mich von Sch\u00f6nheit und Pflege in meiner Heimat inspirieren lassen. Ich hoffe, du sp\u00fcrst die Sorgfalt und Tradition, die in die Kreation von Bacana geflossen sind, und genie\u00dft die Verwendung unserer tropischen Hautpflegeprodukte so sehr, wie ich es liebe, sie zu entwickeln!<\/p>\n<p><strong>Fernanda<\/strong>[\/vc_column_text][\/vc_column][\/vc_row]<\/p>\n<\/div>","protected":false},"excerpt":{"rendered":"<p>[vc_row css=&#8220;.vc_custom_1599377500635{margin-top: 50px !important;}&#8220;][vc_column][vc_custom_heading text=&#8220;Brasilianisches Herz \u2013 made in Berlin&#8220; font_container=&#8220;tag:h2|font_size:48|text_align:center|color:%23000000&#8243; google_fonts=&#8220;font_family:Architects%20Daughter%3Aregular|font_style:400%20regular%3A400%3Anormal&#8220;][\/vc_column][\/vc_row][vc_row content_placement=&#8220;middle&#8220;][vc_column width=&#8220;1\/2&#8243;][vc_column_text css=&#8220;.vc_custom_1616333557305{padding-top: 0px !important;}&#8220;]Bacana Skincare ist eine nat\u00fcrliche, vegane und cruelty-free Kosmetikmarke aus Berlin. Bacana entspringt dem Wunsch, die Sch\u00f6nheitsgeheimnisse Brasiliens zu teilen, einem Land mit einer Vielzahl nat\u00fcrlicher und effektiver Wirkstoffe. Unsere einzigartigen Formeln kombinieren das alte Wissen der Amazonas-Regenwaldst\u00e4mme mit [&hellip;]<\/p>\n","protected":false},"author":1,"featured_media":0,"parent":0,"menu_order":0,"comment_status":"closed","ping_status":"closed","template":"","meta":{"ocean_post_layout":"","ocean_both_sidebars_style":"","ocean_both_sidebars_content_width":0,"ocean_both_sidebars_sidebars_width":0,"ocean_sidebar":"0","ocean_second_sidebar":"0","ocean_disable_margins":"enable","ocean_add_body_class":"","ocean_shortcode_before_top_bar":"","ocean_shortcode_after_top_bar":"","ocean_shortcode_before_header":"","ocean_shortcode_after_header":"","ocean_has_shortcode":"","ocean_shortcode_after_title":"","ocean_shortcode_before_footer_widgets":"","ocean_shortcode_after_footer_widgets":"","ocean_shortcode_before_footer_bottom":"","ocean_shortcode_after_footer_bottom":"","ocean_display_top_bar":"default","ocean_display_header":"default","ocean_header_style":"","ocean_center_header_left_menu":"0","ocean_custom_header_template":"0","ocean_custom_logo":0,"ocean_custom_retina_logo":0,"ocean_custom_logo_max_width":0,"ocean_custom_logo_tablet_max_width":0,"ocean_custom_logo_mobile_max_width":0,"ocean_custom_logo_max_height":0,"ocean_custom_logo_tablet_max_height":0,"ocean_custom_logo_mobile_max_height":0,"ocean_header_custom_menu":"0","ocean_menu_typo_font_family":"0","ocean_menu_typo_font_subset":"","ocean_menu_typo_font_size":0,"ocean_menu_typo_font_size_tablet":0,"ocean_menu_typo_font_size_mobile":0,"ocean_menu_typo_font_size_unit":"px","ocean_menu_typo_font_weight":"","ocean_menu_typo_font_weight_tablet":"","ocean_menu_typo_font_weight_mobile":"","ocean_menu_typo_transform":"","ocean_menu_typo_transform_tablet":"","ocean_menu_typo_transform_mobile":"","ocean_menu_typo_line_height":0,"ocean_menu_typo_line_height_tablet":0,"ocean_menu_typo_line_height_mobile":0,"ocean_menu_typo_line_height_unit":"","ocean_menu_typo_spacing":0,"ocean_menu_typo_spacing_tablet":0,"ocean_menu_typo_spacing_mobile":0,"ocean_menu_typo_spacing_unit":"","ocean_menu_link_color":"","ocean_menu_link_color_hover":"","ocean_menu_link_color_active":"","ocean_menu_link_background":"","ocean_menu_link_hover_background":"","ocean_menu_link_active_background":"","ocean_menu_social_links_bg":"","ocean_menu_social_hover_links_bg":"","ocean_menu_social_links_color":"","ocean_menu_social_hover_links_color":"","ocean_disable_title":"default","ocean_disable_heading":"default","ocean_post_title":"","ocean_post_subheading":"","ocean_post_title_style":"","ocean_post_title_background_color":"","ocean_post_title_background":0,"ocean_post_title_bg_image_position":"","ocean_post_title_bg_image_attachment":"","ocean_post_title_bg_image_repeat":"","ocean_post_title_bg_image_size":"","ocean_post_title_height":0,"ocean_post_title_bg_overlay":0.5,"ocean_post_title_bg_overlay_color":"","ocean_disable_breadcrumbs":"default","ocean_breadcrumbs_color":"","ocean_breadcrumbs_separator_color":"","ocean_breadcrumbs_links_color":"","ocean_breadcrumbs_links_hover_color":"","ocean_display_footer_widgets":"default","ocean_display_footer_bottom":"default","ocean_custom_footer_template":"0","iawp_total_views":49,"footnotes":""},"class_list":["post-19140","page","type-page","status-publish","hentry","entry","owp-thumbs-layout-horizontal","owp-btn-normal","owp-tabs-layout-horizontal","has-no-thumbnails","has-product-nav","circle-sale"],"yoast_head":"<!-- This site is optimized with the Yoast SEO plugin v27.3 - https:\/\/yoast.com\/product\/yoast-seo-wordpress\/ -->\n<title>\u00dcber uns - Bacana Skincare<\/title>\n<meta name=\"robots\" content=\"index, follow, max-snippet:-1, max-image-preview:large, max-video-preview:-1\" \/>\n<link rel=\"canonical\" href=\"https:\/\/bacanaskincare.com\/de\/ueber-uns\/\" \/>\n<meta property=\"og:locale\" content=\"de_DE\" \/>\n<meta property=\"og:type\" content=\"article\" \/>\n<meta property=\"og:title\" content=\"\u00dcber uns - Bacana Skincare\" \/>\n<meta property=\"og:description\" content=\"[vc_row css=&#8220;.vc_custom_1599377500635{margin-top: 50px !important;}&#8220;][vc_column][vc_custom_heading text=&#8220;Brasilianisches Herz \u2013 made in Berlin&#8220; font_container=&#8220;tag:h2|font_size:48|text_align:center|color:%23000000&#8243; google_fonts=&#8220;font_family:Architects%20Daughter%3Aregular|font_style:400%20regular%3A400%3Anormal&#8220;][\/vc_column][\/vc_row][vc_row content_placement=&#8220;middle&#8220;][vc_column width=&#8220;1\/2&#8243;][vc_column_text css=&#8220;.vc_custom_1616333557305{padding-top: 0px !important;}&#8220;]Bacana Skincare ist eine nat\u00fcrliche, vegane und cruelty-free Kosmetikmarke aus Berlin. Bacana entspringt dem Wunsch, die Sch\u00f6nheitsgeheimnisse Brasiliens zu teilen, einem Land mit einer Vielzahl nat\u00fcrlicher und effektiver Wirkstoffe. Unsere einzigartigen Formeln kombinieren das alte Wissen der Amazonas-Regenwaldst\u00e4mme mit [&hellip;]\" \/>\n<meta property=\"og:url\" content=\"https:\/\/bacanaskincare.com\/de\/ueber-uns\/\" \/>\n<meta property=\"og:site_name\" content=\"Bacana Skincare\" \/>\n<meta property=\"article:publisher\" content=\"https:\/\/www.facebook.com\/bacanaskincare-106988470647315\/\" \/>\n<meta property=\"article:modified_time\" content=\"2021-04-02T16:23:44+00:00\" \/>\n<meta name=\"twitter:card\" content=\"summary_large_image\" \/>\n<meta name=\"twitter:label1\" content=\"Gesch\u00e4tzte Lesezeit\" \/>\n\t<meta name=\"twitter:data1\" content=\"3\u00a0Minuten\" \/>\n<script type=\"application\/ld+json\" class=\"yoast-schema-graph\">{\"@context\":\"https:\\\/\\\/schema.org\",\"@graph\":[{\"@type\":\"WebPage\",\"@id\":\"https:\\\/\\\/bacanaskincare.com\\\/de\\\/ueber-uns\\\/\",\"url\":\"https:\\\/\\\/bacanaskincare.com\\\/de\\\/ueber-uns\\\/\",\"name\":\"\u00dcber uns - Bacana Skincare\",\"isPartOf\":{\"@id\":\"https:\\\/\\\/bacanaskincare.com\\\/de\\\/#website\"},\"datePublished\":\"2021-03-21T13:41:32+00:00\",\"dateModified\":\"2021-04-02T16:23:44+00:00\",\"inLanguage\":\"de\",\"potentialAction\":[{\"@type\":\"ReadAction\",\"target\":[\"https:\\\/\\\/bacanaskincare.com\\\/de\\\/ueber-uns\\\/\"]}]},{\"@type\":\"WebSite\",\"@id\":\"https:\\\/\\\/bacanaskincare.com\\\/de\\\/#website\",\"url\":\"https:\\\/\\\/bacanaskincare.com\\\/de\\\/\",\"name\":\"Bacana Skincare\",\"description\":\"Nat\u00fcrliche Hautpflege mit tropischen Superfr\u00fcchten\",\"publisher\":{\"@id\":\"https:\\\/\\\/bacanaskincare.com\\\/de\\\/#organization\"},\"potentialAction\":[{\"@type\":\"SearchAction\",\"target\":{\"@type\":\"EntryPoint\",\"urlTemplate\":\"https:\\\/\\\/bacanaskincare.com\\\/de\\\/?s={search_term_string}\"},\"query-input\":{\"@type\":\"PropertyValueSpecification\",\"valueRequired\":true,\"valueName\":\"search_term_string\"}}],\"inLanguage\":\"de\"},{\"@type\":\"Organization\",\"@id\":\"https:\\\/\\\/bacanaskincare.com\\\/de\\\/#organization\",\"name\":\"Bacana Skincare\",\"url\":\"https:\\\/\\\/bacanaskincare.com\\\/de\\\/\",\"logo\":{\"@type\":\"ImageObject\",\"inLanguage\":\"de\",\"@id\":\"https:\\\/\\\/bacanaskincare.com\\\/de\\\/#\\\/schema\\\/logo\\\/image\\\/\",\"url\":\"https:\\\/\\\/bacanaskincare.com\\\/wp-content\\\/uploads\\\/2019\\\/09\\\/u.png\",\"contentUrl\":\"https:\\\/\\\/bacanaskincare.com\\\/wp-content\\\/uploads\\\/2019\\\/09\\\/u.png\",\"width\":834,\"height\":226,\"caption\":\"Bacana Skincare\"},\"image\":{\"@id\":\"https:\\\/\\\/bacanaskincare.com\\\/de\\\/#\\\/schema\\\/logo\\\/image\\\/\"},\"sameAs\":[\"https:\\\/\\\/www.facebook.com\\\/bacanaskincare-106988470647315\\\/\",\"https:\\\/\\\/www.instagram.com\\\/bacanaskincare\\\/?hl=en\",\"https:\\\/\\\/br.pinterest.com\\\/d0fd9db15f94c64465fab43d03b69a\\\/\"]}]}<\/script>\n<!-- \/ Yoast SEO plugin. -->","yoast_head_json":{"title":"\u00dcber uns - Bacana Skincare","robots":{"index":"index","follow":"follow","max-snippet":"max-snippet:-1","max-image-preview":"max-image-preview:large","max-video-preview":"max-video-preview:-1"},"canonical":"https:\/\/bacanaskincare.com\/de\/ueber-uns\/","og_locale":"de_DE","og_type":"article","og_title":"\u00dcber uns - Bacana Skincare","og_description":"[vc_row css=&#8220;.vc_custom_1599377500635{margin-top: 50px !important;}&#8220;][vc_column][vc_custom_heading text=&#8220;Brasilianisches Herz \u2013 made in Berlin&#8220; font_container=&#8220;tag:h2|font_size:48|text_align:center|color:%23000000&#8243; google_fonts=&#8220;font_family:Architects%20Daughter%3Aregular|font_style:400%20regular%3A400%3Anormal&#8220;][\/vc_column][\/vc_row][vc_row content_placement=&#8220;middle&#8220;][vc_column width=&#8220;1\/2&#8243;][vc_column_text css=&#8220;.vc_custom_1616333557305{padding-top: 0px !important;}&#8220;]Bacana Skincare ist eine nat\u00fcrliche, vegane und cruelty-free Kosmetikmarke aus Berlin. Bacana entspringt dem Wunsch, die Sch\u00f6nheitsgeheimnisse Brasiliens zu teilen, einem Land mit einer Vielzahl nat\u00fcrlicher und effektiver Wirkstoffe. Unsere einzigartigen Formeln kombinieren das alte Wissen der Amazonas-Regenwaldst\u00e4mme mit [&hellip;]","og_url":"https:\/\/bacanaskincare.com\/de\/ueber-uns\/","og_site_name":"Bacana Skincare","article_publisher":"https:\/\/www.facebook.com\/bacanaskincare-106988470647315\/","article_modified_time":"2021-04-02T16:23:44+00:00","twitter_card":"summary_large_image","twitter_misc":{"Gesch\u00e4tzte Lesezeit":"3\u00a0Minuten"},"schema":{"@context":"https:\/\/schema.org","@graph":[{"@type":"WebPage","@id":"https:\/\/bacanaskincare.com\/de\/ueber-uns\/","url":"https:\/\/bacanaskincare.com\/de\/ueber-uns\/","name":"\u00dcber uns - Bacana Skincare","isPartOf":{"@id":"https:\/\/bacanaskincare.com\/de\/#website"},"datePublished":"2021-03-21T13:41:32+00:00","dateModified":"2021-04-02T16:23:44+00:00","inLanguage":"de","potentialAction":[{"@type":"ReadAction","target":["https:\/\/bacanaskincare.com\/de\/ueber-uns\/"]}]},{"@type":"WebSite","@id":"https:\/\/bacanaskincare.com\/de\/#website","url":"https:\/\/bacanaskincare.com\/de\/","name":"Bacana Skincare","description":"Nat\u00fcrliche Hautpflege mit tropischen Superfr\u00fcchten","publisher":{"@id":"https:\/\/bacanaskincare.com\/de\/#organization"},"potentialAction":[{"@type":"SearchAction","target":{"@type":"EntryPoint","urlTemplate":"https:\/\/bacanaskincare.com\/de\/?s={search_term_string}"},"query-input":{"@type":"PropertyValueSpecification","valueRequired":true,"valueName":"search_term_string"}}],"inLanguage":"de"},{"@type":"Organization","@id":"https:\/\/bacanaskincare.com\/de\/#organization","name":"Bacana Skincare","url":"https:\/\/bacanaskincare.com\/de\/","logo":{"@type":"ImageObject","inLanguage":"de","@id":"https:\/\/bacanaskincare.com\/de\/#\/schema\/logo\/image\/","url":"https:\/\/bacanaskincare.com\/wp-content\/uploads\/2019\/09\/u.png","contentUrl":"https:\/\/bacanaskincare.com\/wp-content\/uploads\/2019\/09\/u.png","width":834,"height":226,"caption":"Bacana Skincare"},"image":{"@id":"https:\/\/bacanaskincare.com\/de\/#\/schema\/logo\/image\/"},"sameAs":["https:\/\/www.facebook.com\/bacanaskincare-106988470647315\/","https:\/\/www.instagram.com\/bacanaskincare\/?hl=en","https:\/\/br.pinterest.com\/d0fd9db15f94c64465fab43d03b69a\/"]}]}},"_links":{"self":[{"href":"https:\/\/bacanaskincare.com\/de\/wp-json\/wp\/v2\/pages\/19140","targetHints":{"allow":["GET"]}}],"collection":[{"href":"https:\/\/bacanaskincare.com\/de\/wp-json\/wp\/v2\/pages"}],"about":[{"href":"https:\/\/bacanaskincare.com\/de\/wp-json\/wp\/v2\/types\/page"}],"author":[{"embeddable":true,"href":"https:\/\/bacanaskincare.com\/de\/wp-json\/wp\/v2\/users\/1"}],"replies":[{"embeddable":true,"href":"https:\/\/bacanaskincare.com\/de\/wp-json\/wp\/v2\/comments?post=19140"}],"version-history":[{"count":0,"href":"https:\/\/bacanaskincare.com\/de\/wp-json\/wp\/v2\/pages\/19140\/revisions"}],"wp:attachment":[{"href":"https:\/\/bacanaskincare.com\/de\/wp-json\/wp\/v2\/media?parent=19140"}],"curies":[{"name":"wp","href":"https:\/\/api.w.org\/{rel}","templated":true}]}}